{"id":3,"date":"2025-03-25T10:48:26","date_gmt":"2025-03-25T10:48:26","guid":{"rendered":"https:\/\/oterobarber.com\/?page_id=3"},"modified":"2025-05-16T10:36:39","modified_gmt":"2025-05-16T10:36:39","slug":"politica-privacidad","status":"publish","type":"page","link":"https:\/\/oterobarber.com\/en\/politica-privacidad\/","title":{"rendered":"Private Policy"},"content":{"rendered":"\t\t<div data-elementor-type=\"wp-page\" data-elementor-id=\"3\" class=\"elementor elementor-3\" data-elementor-settings=\"{&quot;ha_cmc_init_switcher&quot;:&quot;no&quot;}\" data-elementor-post-type=\"page\">\n\t\t\t\t<div class=\"elementor-element elementor-element-2f9144d e-flex e-con-boxed e-con e-parent\" data-id=\"2f9144d\" data-element_type=\"container\" data-e-type=\"container\" data-settings=\"{&quot;background_background&quot;:&quot;classic&quot;,&quot;_ha_eqh_enable&quot;:false}\">\n\t\t\t\t\t<div class=\"e-con-inner\">\n\t\t<div class=\"elementor-element elementor-element-28f263e e-con-full e-flex e-con e-child\" data-id=\"28f263e\" data-element_type=\"container\" data-e-type=\"container\" data-settings=\"{&quot;_ha_eqh_enable&quot;:false}\">\n\t\t\t\t<div class=\"elementor-element elementor-element-c69c625 elementor-widget-divider--view-line elementor-invisible elementor-widget elementor-widget-divider\" data-id=\"c69c625\" data-element_type=\"widget\" data-e-type=\"widget\" data-settings=\"{&quot;_animation&quot;:&quot;fadeIn&quot;,&quot;_animation_delay&quot;:150}\" data-widget_type=\"divider.default\">\n\t\t\t\t<div class=\"elementor-widget-container\">\n\t\t\t\t\t\t\t<div class=\"elementor-divider\">\n\t\t\t<span class=\"elementor-divider-separator\">\n\t\t\t\t\t\t<\/span>\n\t\t<\/div>\n\t\t\t\t\t\t<\/div>\n\t\t\t\t<\/div>\n\t\t\t\t<\/div>\n\t\t\t\t\t<\/div>\n\t\t\t\t<\/div>\n\t\t<div class=\"elementor-element elementor-element-61b858f e-flex e-con-boxed e-con e-parent\" data-id=\"61b858f\" data-element_type=\"container\" data-e-type=\"container\" data-settings=\"{&quot;_ha_eqh_enable&quot;:false}\">\n\t\t\t\t\t<div class=\"e-con-inner\">\n\t\t\t\t<div class=\"elementor-element elementor-element-d5f34fc elementor-widget elementor-widget-text-editor\" data-id=\"d5f34fc\" data-element_type=\"widget\" data-e-type=\"widget\" data-widget_type=\"text-editor.default\">\n\t\t\t\t<div class=\"elementor-widget-container\">\n\t\t\t\t\t\t\t\t\t\n<p class=\"\" data-start=\"353\" data-end=\"534\">En <strong data-start=\"356\" data-end=\"375\">oterobarber.com<\/strong>, la privacidad de nuestros usuarios es una prioridad. A continuaci\u00f3n, te explicamos qu\u00e9 datos recopilamos, c\u00f3mo los usamos y qu\u00e9 derechos tienes como usuario.<\/p>\n<p data-start=\"353\" data-end=\"534\">\u00a0<\/p>\n<h3 class=\"wp-block-heading\" data-start=\"541\" data-end=\"575\">\u00a0<\/h3>\n<h3 class=\"\" data-start=\"541\" data-end=\"575\">1. Responsable del Tratamiento<\/h3>\n<p class=\"\" data-start=\"577\" data-end=\"720\"><strong data-start=\"577\" data-end=\"589\">Titular:<\/strong> Jose Luis Otero Comino<br data-start=\"602\" data-end=\"605\" \/><strong data-start=\"605\" data-end=\"613\">NIF:<\/strong> xxxxxxxx<br data-start=\"674\" data-end=\"677\" \/><strong data-start=\"677\" data-end=\"699\">Email de contacto:<\/strong> <a class=\"\" href=\"mailto:info@oterobarber.com\" rel=\"noopener\" data-start=\"700\" data-end=\"720\">info@oterobarber.com<\/a><\/p>\n<h3 data-start=\"727\" data-end=\"755\">\u00a0<\/h3>\n<h3 class=\"\" data-start=\"727\" data-end=\"755\">2. Qu\u00e9 datos recopilamos<\/h3>\n<p class=\"\" data-start=\"757\" data-end=\"850\">Recopilamos los siguientes datos a trav\u00e9s de formularios, procesos de compra o suscripciones:<\/p>\n<ul data-start=\"852\" data-end=\"1122\">\n<li class=\"\" data-start=\"852\" data-end=\"874\">\n<p class=\"\" data-start=\"854\" data-end=\"874\">Nombre y apellidos<\/p>\n<\/li>\n<li class=\"\" data-start=\"875\" data-end=\"897\">\n<p class=\"\" data-start=\"877\" data-end=\"897\">Correo electr\u00f3nico<\/p>\n<\/li>\n<li class=\"\" data-start=\"898\" data-end=\"931\">\n<p class=\"\" data-start=\"900\" data-end=\"931\">Direcci\u00f3n (en caso de compra)<\/p>\n<\/li>\n<li class=\"\" data-start=\"932\" data-end=\"975\">\n<p class=\"\" data-start=\"934\" data-end=\"975\">Tel\u00e9fono (si el usuario lo proporciona)<\/p>\n<\/li>\n<li class=\"\" data-start=\"976\" data-end=\"1057\">\n<p class=\"\" data-start=\"978\" data-end=\"1057\">Datos de pago (se procesan mediante plataformas seguras como Stripe o PayPal)<\/p>\n<\/li>\n<li class=\"\" data-start=\"1058\" data-end=\"1122\">\n<p class=\"\" data-start=\"1060\" data-end=\"1122\">Datos de navegaci\u00f3n mediante cookies (ver Pol\u00edtica de Cookies)<\/p>\n<\/li>\n<\/ul>\n<h3 data-start=\"1129\" data-end=\"1161\">\u00a0<\/h3>\n<h3 class=\"\" data-start=\"1129\" data-end=\"1161\">3. Finalidad del tratamiento<\/h3>\n<p class=\"\" data-start=\"1163\" data-end=\"1189\">Utilizamos los datos para:<\/p>\n<ul data-start=\"1191\" data-end=\"1432\">\n<li class=\"\" data-start=\"1191\" data-end=\"1236\">\n<p class=\"\" data-start=\"1193\" data-end=\"1236\">Gestionar la compra de cursos y servicios<\/p>\n<\/li>\n<li class=\"\" data-start=\"1237\" data-end=\"1272\">\n<p class=\"\" data-start=\"1239\" data-end=\"1272\">Dar acceso al contenido de pago<\/p>\n<\/li>\n<li class=\"\" data-start=\"1273\" data-end=\"1320\">\n<p class=\"\" data-start=\"1275\" data-end=\"1320\">Ofrecer soporte personalizado a los alumnos<\/p>\n<\/li>\n<li class=\"\" data-start=\"1321\" data-end=\"1397\">\n<p class=\"\" data-start=\"1323\" data-end=\"1397\">Enviar comunicaciones relacionadas con la compra o servicios contratados<\/p>\n<\/li>\n<li class=\"\" data-start=\"1398\" data-end=\"1432\">\n<p class=\"\" data-start=\"1400\" data-end=\"1432\">Cumplir con obligaciones legales<\/p>\n<\/li>\n<\/ul>\n<p>\u00a0<\/p>\n<p class=\"\" data-start=\"1434\" data-end=\"1504\"><strong data-start=\"1434\" data-end=\"1504\">En ning\u00fan caso cedemos tus datos a terceros con fines comerciales.<\/strong><\/p>\n<p data-start=\"1434\" data-end=\"1504\">\u00a0<\/p>\n<p data-start=\"1434\" data-end=\"1504\">\u00a0<\/p>\n<h3 class=\"\" data-start=\"1511\" data-end=\"1528\">4. Base legal<\/h3>\n<p class=\"\" data-start=\"1530\" data-end=\"1580\">La base legal para el tratamiento de tus datos es:<\/p>\n<ul data-start=\"1582\" data-end=\"1757\">\n<li class=\"\" data-start=\"1582\" data-end=\"1647\">\n<p class=\"\" data-start=\"1584\" data-end=\"1647\">El consentimiento expl\u00edcito que das al rellenar un formulario<\/p>\n<\/li>\n<li class=\"\" data-start=\"1648\" data-end=\"1715\">\n<p class=\"\" data-start=\"1650\" data-end=\"1715\">La relaci\u00f3n contractual generada al comprar un curso o servicio<\/p>\n<\/li>\n<li class=\"\" data-start=\"1716\" data-end=\"1757\">\n<p class=\"\" data-start=\"1718\" data-end=\"1757\">El cumplimiento de obligaciones legales<\/p>\n<\/li>\n<\/ul>\n<h3 data-start=\"1764\" data-end=\"1792\">\u00a0<\/h3>\n<h3 class=\"\" data-start=\"1764\" data-end=\"1792\">5. Plazo de conservaci\u00f3n<\/h3>\n<p class=\"\" data-start=\"1794\" data-end=\"1822\">Tus datos ser\u00e1n conservados:<\/p>\n<ul data-start=\"1824\" data-end=\"1996\">\n<li class=\"\" data-start=\"1824\" data-end=\"1865\">\n<p class=\"\" data-start=\"1826\" data-end=\"1865\">Mientras dure la relaci\u00f3n contractual<\/p>\n<\/li>\n<li class=\"\" data-start=\"1866\" data-end=\"1959\">\n<p class=\"\" data-start=\"1868\" data-end=\"1959\">Durante el plazo legal necesario para cumplir con obligaciones fiscales y administrativas<\/p>\n<\/li>\n<li class=\"\" data-start=\"1960\" data-end=\"1996\">\n<p class=\"\" data-start=\"1962\" data-end=\"1996\">Hasta que solicites su eliminaci\u00f3n<\/p>\n<\/li>\n<\/ul>\n<p>\u00a0<\/p>\n<h3 class=\"\" data-start=\"2003\" data-end=\"2030\">6. Derechos del usuario<\/h3>\n<p class=\"\" data-start=\"2032\" data-end=\"2071\">Puedes ejercer los siguientes derechos:<\/p>\n<ul data-start=\"2073\" data-end=\"2320\">\n<li class=\"\" data-start=\"2073\" data-end=\"2110\">\n<p class=\"\" data-start=\"2075\" data-end=\"2110\"><strong data-start=\"2075\" data-end=\"2085\">Acceso<\/strong> a tus datos personales<\/p>\n<\/li>\n<li class=\"\" data-start=\"2111\" data-end=\"2151\">\n<p class=\"\" data-start=\"2113\" data-end=\"2151\"><strong data-start=\"2113\" data-end=\"2130\">Rectificaci\u00f3n<\/strong> de datos inexactos<\/p>\n<\/li>\n<li class=\"\" data-start=\"2152\" data-end=\"2198\">\n<p class=\"\" data-start=\"2154\" data-end=\"2198\"><strong data-start=\"2154\" data-end=\"2167\">Supresi\u00f3n<\/strong> cuando ya no sean necesarios<\/p>\n<\/li>\n<li class=\"\" data-start=\"2199\" data-end=\"2233\">\n<p class=\"\" data-start=\"2201\" data-end=\"2233\"><strong data-start=\"2201\" data-end=\"2215\">Limitaci\u00f3n<\/strong> del tratamiento<\/p>\n<\/li>\n<li class=\"\" data-start=\"2234\" data-end=\"2271\">\n<p class=\"\" data-start=\"2236\" data-end=\"2271\"><strong data-start=\"2236\" data-end=\"2249\">Oposici\u00f3n<\/strong> al uso de tus datos<\/p>\n<\/li>\n<li class=\"\" data-start=\"2272\" data-end=\"2320\">\n<p class=\"\" data-start=\"2274\" data-end=\"2320\"><strong data-start=\"2274\" data-end=\"2290\">Portabilidad<\/strong> de tus datos a otro proveedor<\/p>\n<\/li>\n<\/ul>\n<p class=\"\" data-start=\"2322\" data-end=\"2416\">Para ello, env\u00eda un correo a <strong data-start=\"2351\" data-end=\"2375\"><a class=\"\" href=\"mailto:info@oterobarber.com\" rel=\"noopener\" data-start=\"2353\" data-end=\"2373\">info@oterobarber.com<\/a><\/strong> indicando el derecho que deseas ejercer.<\/p>\n<h3 data-start=\"2423\" data-end=\"2439\">\u00a0<\/h3>\n<h3 class=\"\" data-start=\"2423\" data-end=\"2439\">7. Seguridad<\/h3>\n<p class=\"\" data-start=\"2441\" data-end=\"2613\">Hemos adoptado medidas t\u00e9cnicas y organizativas para garantizar la seguridad y confidencialidad de los datos personales y evitar su p\u00e9rdida, mal uso o acceso no autorizado.<\/p>\n<h3 data-start=\"2620\" data-end=\"2634\">\u00a0<\/h3>\n<h3 class=\"\" data-start=\"2620\" data-end=\"2634\">8. Cookies<\/h3>\n<p class=\"\" data-start=\"2636\" data-end=\"2784\">Utilizamos cookies para mejorar la experiencia de navegaci\u00f3n y analizar el tr\u00e1fico del sitio. Puedes consultar m\u00e1s en nuestra <a href=\"https:\/\/oterobarber.com\/politica-cookies\/\">[Pol\u00edtica de Cookies]<\/a>.<\/p>\n<h3 data-start=\"2791\" data-end=\"2812\">\u00a0<\/h3>\n<h3 class=\"\" data-start=\"2791\" data-end=\"2812\">9. Modificaciones<\/h3>\n<p class=\"\" data-start=\"2814\" data-end=\"2984\">Nos reservamos el derecho de modificar esta pol\u00edtica para adaptarla a cambios legislativos o a nuevas funcionalidades del sitio. Te recomendamos revisarla peri\u00f3dicamente.<\/p>\t\t\t\t\t\t\t\t<\/div>\n\t\t\t\t<\/div>\n\t\t\t\t\t<\/div>\n\t\t\t\t<\/div>\n\t\t\t\t<\/div>\n\t\t","protected":false},"excerpt":{"rendered":"<p>En oterobarber.com, la privacidad de nuestros usuarios es una prioridad. A continuaci\u00f3n, te explicamos qu\u00e9 datos recopilamos, c\u00f3mo los usamos y qu\u00e9 derechos tienes como usuario. \u00a0 \u00a0 1. Responsable del Tratamiento Titular: Jose Luis Otero CominoNIF: xxxxxxxxEmail de contacto: info@oterobarber.com \u00a0 2. Qu\u00e9 datos recopilamos Recopilamos los siguientes datos a trav\u00e9s de formularios, procesos [&hellip;]<\/p>\n","protected":false},"author":1,"featured_media":0,"parent":0,"menu_order":0,"comment_status":"closed","ping_status":"closed","template":"","meta":{"footnotes":""},"class_list":["post-3","page","type-page","status-publish","hentry"],"_links":{"self":[{"href":"https:\/\/oterobarber.com\/en\/wp-json\/wp\/v2\/pages\/3","targetHints":{"allow":["GET"]}}],"collection":[{"href":"https:\/\/oterobarber.com\/en\/wp-json\/wp\/v2\/pages"}],"about":[{"href":"https:\/\/oterobarber.com\/en\/wp-json\/wp\/v2\/types\/page"}],"author":[{"embeddable":true,"href":"https:\/\/oterobarber.com\/en\/wp-json\/wp\/v2\/users\/1"}],"replies":[{"embeddable":true,"href":"https:\/\/oterobarber.com\/en\/wp-json\/wp\/v2\/comments?post=3"}],"version-history":[{"count":9,"href":"https:\/\/oterobarber.com\/en\/wp-json\/wp\/v2\/pages\/3\/revisions"}],"predecessor-version":[{"id":1709,"href":"https:\/\/oterobarber.com\/en\/wp-json\/wp\/v2\/pages\/3\/revisions\/1709"}],"wp:attachment":[{"href":"https:\/\/oterobarber.com\/en\/wp-json\/wp\/v2\/media?parent=3"}],"curies":[{"name":"wp","href":"https:\/\/api.w.org\/{rel}","templated":true}]}}